{"id":4169,"date":"2024-07-23T08:14:00","date_gmt":"2024-07-23T01:14:00","guid":{"rendered":"https:\/\/civetcoffee.com.vn\/?page_id=4169"},"modified":"2024-07-24T08:14:35","modified_gmt":"2024-07-24T01:14:35","slug":"phat-trien-ben-vung","status":"publish","type":"page","link":"https:\/\/civetcoffee.com.vn\/en\/phat-trien-ben-vung\/","title":{"rendered":"Sustainable Development"},"content":{"rendered":"<div data-elementor-type=\"wp-page\" data-elementor-id=\"4169\" class=\"elementor elementor-4169\" data-elementor-post-type=\"page\">\n\t\t\t\t\t\t\t<div class=\"elementor-element elementor-element-416d51e e-flex e-con-boxed e-con e-parent\" data-id=\"416d51e\" data-element_type=\"container\" data-settings=\"{&quot;background_background&quot;:&quot;classic&quot;,&quot;container_type&quot;:&quot;flex&quot;,&quot;content_width&quot;:&quot;boxed&quot;}\" data-core-v316-plus=\"true\">\n\t\t\t\t\t<div class=\"e-con-inner\">\n\t\t\t\t<div class=\"elementor-element elementor-element-ecab988 elementor-widget elementor-widget-woocommerce-breadcrumb\" data-id=\"ecab988\" data-element_type=\"widget\" data-widget_type=\"woocommerce-breadcrumb.default\">\n\t\t\t\t<div class=\"elementor-widget-container\">\n\t\t\t<link rel=\"stylesheet\" href=\"http:\/\/civetcoffee.com.vn\/wp-content\/plugins\/elementor-pro\/assets\/css\/widget-woocommerce.min.css\"><nav class=\"woocommerce-breadcrumb\" data-no-translation=\"\" data-trp-gettext=\"\">Home<\/nav>\t\t<\/div>\n\t\t\t\t<\/div>\n\t\t\t\t\t<\/div>\n\t\t\t\t<\/div>\n\t\t<div class=\"elementor-element elementor-element-29607ab e-flex e-con-boxed e-con e-parent\" data-id=\"29607ab\" data-element_type=\"container\" data-settings=\"{&quot;background_background&quot;:&quot;classic&quot;,&quot;container_type&quot;:&quot;flex&quot;,&quot;content_width&quot;:&quot;boxed&quot;}\" data-core-v316-plus=\"true\">\n\t\t\t\t\t<div class=\"e-con-inner\">\n\t\t\t\t<div class=\"elementor-element elementor-element-2f00afe elementor-widget elementor-widget-heading\" data-id=\"2f00afe\" data-element_type=\"widget\" data-widget_type=\"heading.default\">\n\t\t\t\t<div class=\"elementor-widget-container\">\n\t\t\t<style>\/*! elementor - v3.16.0 - 20-09-2023 *\/\n.elementor-heading-title{padding:0;margin:0;line-height:1}.elementor-widget-heading .elementor-heading-title[class*=elementor-size-]>a{color:inherit;font-size:inherit;line-height:inherit}.elementor-widget-heading .elementor-heading-title.elementor-size-small{font-size:15px}.elementor-widget-heading .elementor-heading-title.elementor-size-medium{font-size:19px}.elementor-widget-heading .elementor-heading-title.elementor-size-large{font-size:29px}.elementor-widget-heading .elementor-heading-title.elementor-size-xl{font-size:39px}.elementor-widget-heading .elementor-heading-title.elementor-size-xxl{font-size:59px}<\/style><h2 class=\"elementor-heading-title elementor-size-default\">1. Weasel coffee model<\/h2>\t\t<\/div>\n\t\t\t\t<\/div>\n\t\t\t\t<div class=\"elementor-element elementor-element-fd89d3a elementor-widget elementor-widget-text-editor\" data-id=\"fd89d3a\" data-element_type=\"widget\" data-widget_type=\"text-editor.default\">\n\t\t\t\t<div class=\"elementor-widget-container\">\n\t\t\t<style>\/*! elementor - v3.16.0 - 20-09-2023 *\/\n.elementor-widget-text-editor.elementor-drop-cap-view-stacked .elementor-drop-cap{background-color:#69727d;color:#fff}.elementor-widget-text-editor.elementor-drop-cap-view-framed .elementor-drop-cap{color:#69727d;border:3px solid;background-color:transparent}.elementor-widget-text-editor:not(.elementor-drop-cap-view-default) .elementor-drop-cap{margin-top:8px}.elementor-widget-text-editor:not(.elementor-drop-cap-view-default) .elementor-drop-cap-letter{width:1em;height:1em}.elementor-widget-text-editor .elementor-drop-cap{float:left;text-align:center;line-height:1;font-size:50px}.elementor-widget-text-editor .elementor-drop-cap-letter{display:inline-block}<\/style>\t\t\t\t<p>Kien Cuong builds a model of linking the production of semi-wild weasel coffee in a natural direction, ensuring the harmony of both economic and ethical benefits between the Company, households, weasels and the environment according to the model. :<\/p>\t\t\t\t\t\t<\/div>\n\t\t\t\t<\/div>\n\t\t\t\t<div class=\"elementor-element elementor-element-6fae017 elementor-widget elementor-widget-image\" data-id=\"6fae017\" data-element_type=\"widget\" data-widget_type=\"image.default\">\n\t\t\t\t<div class=\"elementor-widget-container\">\n\t\t\t<style>\/*! elementor - v3.16.0 - 20-09-2023 *\/\n.elementor-widget-image{text-align:center}.elementor-widget-image a{display:inline-block}.elementor-widget-image a img[src$=\".svg\"]{width:48px}.elementor-widget-image img{vertical-align:middle;display:inline-block}<\/style>\t\t\t\t\t\t\t\t\t\t\t\t<img decoding=\"async\" width=\"1280\" height=\"467\" src=\"https:\/\/civetcoffee.com.vn\/wp-content\/uploads\/2024\/07\/so-do.jpg\" class=\"attachment-full size-full wp-image-4190\" alt=\"\" srcset=\"https:\/\/civetcoffee.com.vn\/wp-content\/uploads\/2024\/07\/so-do.jpg 1280w, https:\/\/civetcoffee.com.vn\/wp-content\/uploads\/2024\/07\/so-do-300x109.jpg 300w, https:\/\/civetcoffee.com.vn\/wp-content\/uploads\/2024\/07\/so-do-1024x374.jpg 1024w, https:\/\/civetcoffee.com.vn\/wp-content\/uploads\/2024\/07\/so-do-768x280.jpg 768w, https:\/\/civetcoffee.com.vn\/wp-content\/uploads\/2024\/07\/so-do-18x7.jpg 18w, https:\/\/civetcoffee.com.vn\/wp-content\/uploads\/2024\/07\/so-do-600x219.jpg 600w\" sizes=\"(max-width: 1280px) 100vw, 1280px\" \/>\t\t\t\t\t\t\t\t\t\t\t\t\t\t\t<\/div>\n\t\t\t\t<\/div>\n\t\t\t\t<div class=\"elementor-element elementor-element-41e4671 elementor-widget elementor-widget-heading\" data-id=\"41e4671\" data-element_type=\"widget\" data-widget_type=\"heading.default\">\n\t\t\t\t<div class=\"elementor-widget-container\">\n\t\t\t<h2 class=\"elementor-heading-title elementor-size-default\">Figure 1. Semi-wild weasel coffee linkage model<\/h2>\t\t<\/div>\n\t\t\t\t<\/div>\n\t\t\t\t<div class=\"elementor-element elementor-element-c670040 elementor-widget elementor-widget-text-editor\" data-id=\"c670040\" data-element_type=\"widget\" data-widget_type=\"text-editor.default\">\n\t\t\t\t<div class=\"elementor-widget-container\">\n\t\t\t\t\t\t\t<p>The linkage model is specified by contract, in which Kien Cuong supports the construction of Huong mink breeding barns inside the households&#039; coffee gardens and covers all products from the linked area, specifically:<\/p>\t\t\t\t\t\t<\/div>\n\t\t\t\t<\/div>\n\t\t<div class=\"elementor-element elementor-element-b9f0ac2 e-flex e-con-boxed e-con e-child\" data-id=\"b9f0ac2\" data-element_type=\"container\" data-settings=\"{&quot;container_type&quot;:&quot;flex&quot;,&quot;content_width&quot;:&quot;boxed&quot;}\">\n\t\t\t\t\t<div class=\"e-con-inner\">\n\t\t\t\t<div class=\"elementor-element elementor-element-f3d7333 elementor-icon-list--layout-traditional elementor-list-item-link-full_width elementor-widget elementor-widget-icon-list\" data-id=\"f3d7333\" data-element_type=\"widget\" data-widget_type=\"icon-list.default\">\n\t\t\t\t<div class=\"elementor-widget-container\">\n\t\t\t<link rel=\"stylesheet\" href=\"http:\/\/civetcoffee.com.vn\/wp-content\/plugins\/elementor\/assets\/css\/widget-icon-list.min.css\">\t\t<ul class=\"elementor-icon-list-items\">\n\t\t\t\t\t\t\t<li class=\"elementor-icon-list-item\">\n\t\t\t\t\t\t\t\t\t\t\t<span class=\"elementor-icon-list-icon\">\n\t\t\t\t\t\t\t<svg aria-hidden=\"true\" class=\"e-font-icon-svg e-far-check-square\" viewbox=\"0 0 448 512\" xmlns=\"http:\/\/www.w3.org\/2000\/svg\"><path d=\"M400 32H48C21.49 32 0 53.49 0 80v352c0 26.51 21.49 48 48 48h352c26.51 0 48-21.49 48-48V80c0-26.51-21.49-48-48-48zm0 400H48V80h352v352zm-35.864-241.724L191.547 361.48c-4.705 4.667-12.303 4.637-16.97-.068l-90.781-91.516c-4.667-4.705-4.637-12.303.069-16.971l22.719-22.536c4.705-4.667 12.303-4.637 16.97.069l59.792 60.277 141.352-140.216c4.705-4.667 12.303-4.637 16.97.068l22.536 22.718c4.667 4.706 4.637 12.304-.068 16.971z\"><\/path><\/svg>\t\t\t\t\t\t<\/span>\n\t\t\t\t\t\t\t\t\t\t<span class=\"elementor-icon-list-text\">Providing 100% of garden equipment to ensure the survival of ferrets<\/span>\n\t\t\t\t\t\t\t\t\t<\/li>\n\t\t\t\t\t\t\t\t<li class=\"elementor-icon-list-item\">\n\t\t\t\t\t\t\t\t\t\t\t<span class=\"elementor-icon-list-icon\">\n\t\t\t\t\t\t\t<svg aria-hidden=\"true\" class=\"e-font-icon-svg e-far-check-square\" viewbox=\"0 0 448 512\" xmlns=\"http:\/\/www.w3.org\/2000\/svg\"><path d=\"M400 32H48C21.49 32 0 53.49 0 80v352c0 26.51 21.49 48 48 48h352c26.51 0 48-21.49 48-48V80c0-26.51-21.49-48-48-48zm0 400H48V80h352v352zm-35.864-241.724L191.547 361.48c-4.705 4.667-12.303 4.637-16.97-.068l-90.781-91.516c-4.667-4.705-4.637-12.303.069-16.971l22.719-22.536c4.705-4.667 12.303-4.637 16.97.069l59.792 60.277 141.352-140.216c4.705-4.667 12.303-4.637 16.97.068l22.536 22.718c4.667 4.706 4.637 12.304-.068 16.971z\"><\/path><\/svg>\t\t\t\t\t\t<\/span>\n\t\t\t\t\t\t\t\t\t\t<span class=\"elementor-icon-list-text\">Providing ferrets and food for ferrets<\/span>\n\t\t\t\t\t\t\t\t\t<\/li>\n\t\t\t\t\t\t\t\t<li class=\"elementor-icon-list-item\">\n\t\t\t\t\t\t\t\t\t\t\t<span class=\"elementor-icon-list-icon\">\n\t\t\t\t\t\t\t<svg aria-hidden=\"true\" class=\"e-font-icon-svg e-far-check-square\" viewbox=\"0 0 448 512\" xmlns=\"http:\/\/www.w3.org\/2000\/svg\"><path d=\"M400 32H48C21.49 32 0 53.49 0 80v352c0 26.51 21.49 48 48 48h352c26.51 0 48-21.49 48-48V80c0-26.51-21.49-48-48-48zm0 400H48V80h352v352zm-35.864-241.724L191.547 361.48c-4.705 4.667-12.303 4.637-16.97-.068l-90.781-91.516c-4.667-4.705-4.637-12.303.069-16.971l22.719-22.536c4.705-4.667 12.303-4.637 16.97.069l59.792 60.277 141.352-140.216c4.705-4.667 12.303-4.637 16.97.068l22.536 22.718c4.667 4.706 4.637 12.304-.068 16.971z\"><\/path><\/svg>\t\t\t\t\t\t<\/span>\n\t\t\t\t\t\t\t\t\t\t<span class=\"elementor-icon-list-text\">Appoint a veterinary expert to take care of the ferret when it shows signs of illness<\/span>\n\t\t\t\t\t\t\t\t\t<\/li>\n\t\t\t\t\t\t\t\t<li class=\"elementor-icon-list-item\">\n\t\t\t\t\t\t\t\t\t\t\t<span class=\"elementor-icon-list-icon\">\n\t\t\t\t\t\t\t<svg aria-hidden=\"true\" class=\"e-font-icon-svg e-far-check-square\" viewbox=\"0 0 448 512\" xmlns=\"http:\/\/www.w3.org\/2000\/svg\"><path d=\"M400 32H48C21.49 32 0 53.49 0 80v352c0 26.51 21.49 48 48 48h352c26.51 0 48-21.49 48-48V80c0-26.51-21.49-48-48-48zm0 400H48V80h352v352zm-35.864-241.724L191.547 361.48c-4.705 4.667-12.303 4.637-16.97-.068l-90.781-91.516c-4.667-4.705-4.637-12.303.069-16.971l22.719-22.536c4.705-4.667 12.303-4.637 16.97.069l59.792 60.277 141.352-140.216c4.705-4.667 12.303-4.637 16.97.068l22.536 22.718c4.667 4.706 4.637 12.304-.068 16.971z\"><\/path><\/svg>\t\t\t\t\t\t<\/span>\n\t\t\t\t\t\t\t\t\t\t<span class=\"elementor-icon-list-text\">Training and technical guidance on coffee tree care and weasel care<\/span>\n\t\t\t\t\t\t\t\t\t<\/li>\n\t\t\t\t\t\t\t\t<li class=\"elementor-icon-list-item\">\n\t\t\t\t\t\t\t\t\t\t\t<span class=\"elementor-icon-list-icon\">\n\t\t\t\t\t\t\t<svg aria-hidden=\"true\" class=\"e-font-icon-svg e-far-check-square\" viewbox=\"0 0 448 512\" xmlns=\"http:\/\/www.w3.org\/2000\/svg\"><path d=\"M400 32H48C21.49 32 0 53.49 0 80v352c0 26.51 21.49 48 48 48h352c26.51 0 48-21.49 48-48V80c0-26.51-21.49-48-48-48zm0 400H48V80h352v352zm-35.864-241.724L191.547 361.48c-4.705 4.667-12.303 4.637-16.97-.068l-90.781-91.516c-4.667-4.705-4.637-12.303.069-16.971l22.719-22.536c4.705-4.667 12.303-4.637 16.97.069l59.792 60.277 141.352-140.216c4.705-4.667 12.303-4.637 16.97.068l22.536 22.718c4.667 4.706 4.637 12.304-.068 16.971z\"><\/path><\/svg>\t\t\t\t\t\t<\/span>\n\t\t\t\t\t\t\t\t\t\t<span class=\"elementor-icon-list-text\">Support 50% organic fertilizer for plants (manure)<\/span>\n\t\t\t\t\t\t\t\t\t<\/li>\n\t\t\t\t\t\t\t\t<li class=\"elementor-icon-list-item\">\n\t\t\t\t\t\t\t\t\t\t\t<span class=\"elementor-icon-list-icon\">\n\t\t\t\t\t\t\t<svg aria-hidden=\"true\" class=\"e-font-icon-svg e-far-check-square\" viewbox=\"0 0 448 512\" xmlns=\"http:\/\/www.w3.org\/2000\/svg\"><path d=\"M400 32H48C21.49 32 0 53.49 0 80v352c0 26.51 21.49 48 48 48h352c26.51 0 48-21.49 48-48V80c0-26.51-21.49-48-48-48zm0 400H48V80h352v352zm-35.864-241.724L191.547 361.48c-4.705 4.667-12.303 4.637-16.97-.068l-90.781-91.516c-4.667-4.705-4.637-12.303.069-16.971l22.719-22.536c4.705-4.667 12.303-4.637 16.97.069l59.792 60.277 141.352-140.216c4.705-4.667 12.303-4.637 16.97.068l22.536 22.718c4.667 4.706 4.637 12.304-.068 16.971z\"><\/path><\/svg>\t\t\t\t\t\t<\/span>\n\t\t\t\t\t\t\t\t\t\t<span class=\"elementor-icon-list-text\">Support 50% for installation and operating costs (electricity) to install irrigation systems for coffee gardens within the linked area<\/span>\n\t\t\t\t\t\t\t\t\t<\/li>\n\t\t\t\t\t\t\t\t<li class=\"elementor-icon-list-item\">\n\t\t\t\t\t\t\t\t\t\t\t<span class=\"elementor-icon-list-icon\">\n\t\t\t\t\t\t\t<svg aria-hidden=\"true\" class=\"e-font-icon-svg e-far-check-square\" viewbox=\"0 0 448 512\" xmlns=\"http:\/\/www.w3.org\/2000\/svg\"><path d=\"M400 32H48C21.49 32 0 53.49 0 80v352c0 26.51 21.49 48 48 48h352c26.51 0 48-21.49 48-48V80c0-26.51-21.49-48-48-48zm0 400H48V80h352v352zm-35.864-241.724L191.547 361.48c-4.705 4.667-12.303 4.637-16.97-.068l-90.781-91.516c-4.667-4.705-4.637-12.303.069-16.971l22.719-22.536c4.705-4.667 12.303-4.637 16.97.069l59.792 60.277 141.352-140.216c4.705-4.667 12.303-4.637 16.97.068l22.536 22.718c4.667 4.706 4.637 12.304-.068 16.971z\"><\/path><\/svg>\t\t\t\t\t\t<\/span>\n\t\t\t\t\t\t\t\t\t\t<span class=\"elementor-icon-list-text\">Price for purchasing products from linked areas:<\/span>\n\t\t\t\t\t\t\t\t\t<\/li>\n\t\t\t\t\t\t<\/ul>\n\t\t\t\t<\/div>\n\t\t\t\t<\/div>\n\t\t\t\t<div class=\"elementor-element elementor-element-16ee301 elementor-widget elementor-widget-text-editor\" data-id=\"16ee301\" data-element_type=\"widget\" data-widget_type=\"text-editor.default\">\n\t\t\t\t<div class=\"elementor-widget-container\">\n\t\t\t\t\t\t\t<p>+ Weasel coffee portion: 750,000 VND\/kg<\/p><p>+ The portion of coffee weasels do not eat: Price is double the market price of coffee at the time of purchase<\/p>\t\t\t\t\t\t<\/div>\n\t\t\t\t<\/div>\n\t\t\t\t<div class=\"elementor-element elementor-element-68b59b1 elementor-widget elementor-widget-text-editor\" data-id=\"68b59b1\" data-element_type=\"widget\" data-widget_type=\"text-editor.default\">\n\t\t\t\t<div class=\"elementor-widget-container\">\n\t\t\t\t\t\t\t<p>To implement the quality assurance operating model, the Company has established a livestock department to control coffee gardens, take care of Huong civet herds, and harvest and process civet coffee according to standards. Head of the department is Master of Veterinary Medicine Hoang Trung Kien, lecturer at the Faculty of Veterinary Medicine at Dak Lak College.<\/p>\t\t\t\t\t\t<\/div>\n\t\t\t\t<\/div>\n\t\t\t\t<div class=\"elementor-element elementor-element-03333a6 elementor-widget elementor-widget-image\" data-id=\"03333a6\" data-element_type=\"widget\" data-widget_type=\"image.default\">\n\t\t\t\t<div class=\"elementor-widget-container\">\n\t\t\t\t\t\t\t\t\t\t\t\t\t\t\t<img decoding=\"async\" width=\"1280\" height=\"429\" src=\"https:\/\/civetcoffee.com.vn\/wp-content\/uploads\/2024\/07\/so-do-2.jpg\" class=\"attachment-full size-full wp-image-4212\" alt=\"\" srcset=\"https:\/\/civetcoffee.com.vn\/wp-content\/uploads\/2024\/07\/so-do-2.jpg 1280w, https:\/\/civetcoffee.com.vn\/wp-content\/uploads\/2024\/07\/so-do-2-300x101.jpg 300w, https:\/\/civetcoffee.com.vn\/wp-content\/uploads\/2024\/07\/so-do-2-1024x343.jpg 1024w, https:\/\/civetcoffee.com.vn\/wp-content\/uploads\/2024\/07\/so-do-2-768x257.jpg 768w, https:\/\/civetcoffee.com.vn\/wp-content\/uploads\/2024\/07\/so-do-2-18x6.jpg 18w, https:\/\/civetcoffee.com.vn\/wp-content\/uploads\/2024\/07\/so-do-2-600x201.jpg 600w\" sizes=\"(max-width: 1280px) 100vw, 1280px\" \/>\t\t\t\t\t\t\t\t\t\t\t\t\t\t\t<\/div>\n\t\t\t\t<\/div>\n\t\t\t\t<div class=\"elementor-element elementor-element-9851afd elementor-widget elementor-widget-heading\" data-id=\"9851afd\" data-element_type=\"widget\" data-widget_type=\"heading.default\">\n\t\t\t\t<div class=\"elementor-widget-container\">\n\t\t\t<h2 class=\"elementor-heading-title elementor-size-default\">Organizational chart of the livestock department<\/h2>\t\t<\/div>\n\t\t\t\t<\/div>\n\t\t\t\t<div class=\"elementor-element elementor-element-96497dd elementor-widget elementor-widget-heading\" data-id=\"96497dd\" data-element_type=\"widget\" data-widget_type=\"heading.default\">\n\t\t\t\t<div class=\"elementor-widget-container\">\n\t\t\t<h2 class=\"elementor-heading-title elementor-size-default\">2. Problems and solutions<\/h2>\t\t<\/div>\n\t\t\t\t<\/div>\n\t\t\t\t<div class=\"elementor-element elementor-element-7a0e91e elementor-widget elementor-widget-image\" data-id=\"7a0e91e\" data-element_type=\"widget\" data-widget_type=\"image.default\">\n\t\t\t\t<div class=\"elementor-widget-container\">\n\t\t\t\t\t\t\t\t\t\t\t\t\t\t\t<img decoding=\"async\" width=\"1357\" height=\"1920\" src=\"https:\/\/civetcoffee.com.vn\/wp-content\/uploads\/2024\/07\/Van-de-giai-phap.jpg\" class=\"attachment-full size-full wp-image-4273\" alt=\"\" srcset=\"https:\/\/civetcoffee.com.vn\/wp-content\/uploads\/2024\/07\/Van-de-giai-phap.jpg 1357w, https:\/\/civetcoffee.com.vn\/wp-content\/uploads\/2024\/07\/Van-de-giai-phap-212x300.jpg 212w, https:\/\/civetcoffee.com.vn\/wp-content\/uploads\/2024\/07\/Van-de-giai-phap-724x1024.jpg 724w, https:\/\/civetcoffee.com.vn\/wp-content\/uploads\/2024\/07\/Van-de-giai-phap-768x1087.jpg 768w, https:\/\/civetcoffee.com.vn\/wp-content\/uploads\/2024\/07\/Van-de-giai-phap-1086x1536.jpg 1086w, https:\/\/civetcoffee.com.vn\/wp-content\/uploads\/2024\/07\/Van-de-giai-phap-8x12.jpg 8w, https:\/\/civetcoffee.com.vn\/wp-content\/uploads\/2024\/07\/Van-de-giai-phap-600x849.jpg 600w\" sizes=\"(max-width: 1357px) 100vw, 1357px\" \/>\t\t\t\t\t\t\t\t\t\t\t\t\t\t\t<\/div>\n\t\t\t\t<\/div>\n\t\t\t\t<div class=\"elementor-element elementor-element-8e835e4 elementor-widget elementor-widget-heading\" data-id=\"8e835e4\" data-element_type=\"widget\" data-widget_type=\"heading.default\">\n\t\t\t\t<div class=\"elementor-widget-container\">\n\t\t\t<h2 class=\"elementor-heading-title elementor-size-default\">3. Our customers<\/h2>\t\t<\/div>\n\t\t\t\t<\/div>\n\t\t\t\t<div class=\"elementor-element elementor-element-dde6c8f elementor-widget elementor-widget-image\" data-id=\"dde6c8f\" data-element_type=\"widget\" data-widget_type=\"image.default\">\n\t\t\t\t<div class=\"elementor-widget-container\">\n\t\t\t\t\t\t\t\t\t\t\t\t\t\t\t<img decoding=\"async\" width=\"1357\" height=\"1920\" src=\"https:\/\/civetcoffee.com.vn\/wp-content\/uploads\/2024\/07\/Khach-hang-doi-tac.jpg\" class=\"attachment-full size-full wp-image-4272\" alt=\"\" srcset=\"https:\/\/civetcoffee.com.vn\/wp-content\/uploads\/2024\/07\/Khach-hang-doi-tac.jpg 1357w, https:\/\/civetcoffee.com.vn\/wp-content\/uploads\/2024\/07\/Khach-hang-doi-tac-212x300.jpg 212w, https:\/\/civetcoffee.com.vn\/wp-content\/uploads\/2024\/07\/Khach-hang-doi-tac-724x1024.jpg 724w, https:\/\/civetcoffee.com.vn\/wp-content\/uploads\/2024\/07\/Khach-hang-doi-tac-768x1087.jpg 768w, https:\/\/civetcoffee.com.vn\/wp-content\/uploads\/2024\/07\/Khach-hang-doi-tac-1086x1536.jpg 1086w, https:\/\/civetcoffee.com.vn\/wp-content\/uploads\/2024\/07\/Khach-hang-doi-tac-8x12.jpg 8w, https:\/\/civetcoffee.com.vn\/wp-content\/uploads\/2024\/07\/Khach-hang-doi-tac-600x849.jpg 600w\" sizes=\"(max-width: 1357px) 100vw, 1357px\" \/>\t\t\t\t\t\t\t\t\t\t\t\t\t\t\t<\/div>\n\t\t\t\t<\/div>\n\t\t\t\t\t<\/div>\n\t\t\t\t<\/div>\n\t\t\t\t\t<\/div>\n\t\t\t\t<\/div>\n\t\t\t\t\t\t\t<\/div>","protected":false},"excerpt":{"rendered":"<p>1. M\u00f4 h\u00ecnh c\u00e0 ph\u00ea ch\u1ed3n Ki\u00ean C\u01b0\u1eddng x\u00e2y d\u1ef1ng m\u00f4 h\u00ecnh li\u00ean k\u1ebft s\u1ea3n xu\u1ea5t c\u00e0 ph\u00ea ch\u1ed3n b\u00e1n hoang d\u00e3 theo h\u01b0\u1edbng thu\u1eadn t\u1ef1 nhi\u00ean, \u0111\u1ea3m b\u1ea3o s\u1ef1 h\u00e0i ho\u00e0 l\u1ee3i \u00edch c\u1ea3 kinh t\u1ebf v\u00e0 \u0111\u1ea1o \u0111\u1ee9c gi\u1eefa C\u00f4ng ty, c\u00e1c h\u1ed9 d\u00e2n, ch\u1ed3n v\u00e0 m\u00f4i tr\u01b0\u1eddng theo m\u00f4 h\u00ecnh: H\u00ecnh 1. [&hellip;]<\/p>","protected":false},"author":1,"featured_media":0,"parent":0,"menu_order":0,"comment_status":"closed","ping_status":"closed","template":"elementor_header_footer","meta":{"footnotes":""},"_links":{"self":[{"href":"https:\/\/civetcoffee.com.vn\/en\/wp-json\/wp\/v2\/pages\/4169"}],"collection":[{"href":"https:\/\/civetcoffee.com.vn\/en\/wp-json\/wp\/v2\/pages"}],"about":[{"href":"https:\/\/civetcoffee.com.vn\/en\/wp-json\/wp\/v2\/types\/page"}],"author":[{"embeddable":true,"href":"https:\/\/civetcoffee.com.vn\/en\/wp-json\/wp\/v2\/users\/1"}],"replies":[{"embeddable":true,"href":"https:\/\/civetcoffee.com.vn\/en\/wp-json\/wp\/v2\/comments?post=4169"}],"version-history":[{"count":70,"href":"https:\/\/civetcoffee.com.vn\/en\/wp-json\/wp\/v2\/pages\/4169\/revisions"}],"predecessor-version":[{"id":4283,"href":"https:\/\/civetcoffee.com.vn\/en\/wp-json\/wp\/v2\/pages\/4169\/revisions\/4283"}],"wp:attachment":[{"href":"https:\/\/civetcoffee.com.vn\/en\/wp-json\/wp\/v2\/media?parent=4169"}],"curies":[{"name":"wp","href":"https:\/\/api.w.org\/{rel}","templated":true}]}}