{"id":4057,"date":"2024-07-22T16:08:47","date_gmt":"2024-07-22T09:08:47","guid":{"rendered":"https:\/\/civetcoffee.com.vn\/?page_id=4057"},"modified":"2024-07-23T09:47:20","modified_gmt":"2024-07-23T02:47:20","slug":"lich-su-hinh-thanh-3","status":"publish","type":"page","link":"https:\/\/civetcoffee.com.vn\/en\/lich-su-hinh-thanh-3\/","title":{"rendered":"History begin"},"content":{"rendered":"<div data-elementor-type=\"wp-page\" data-elementor-id=\"4057\" class=\"elementor elementor-4057\" data-elementor-post-type=\"page\">\n\t\t\t\t\t\t\t<div class=\"elementor-element elementor-element-23de0c2 e-flex e-con-boxed e-con e-parent\" data-id=\"23de0c2\" data-element_type=\"container\" data-settings=\"{&quot;background_background&quot;:&quot;classic&quot;,&quot;container_type&quot;:&quot;flex&quot;,&quot;content_width&quot;:&quot;boxed&quot;}\" data-core-v316-plus=\"true\">\n\t\t\t\t\t<div class=\"e-con-inner\">\n\t\t\t\t<div class=\"elementor-element elementor-element-222441b elementor-widget elementor-widget-woocommerce-breadcrumb\" data-id=\"222441b\" data-element_type=\"widget\" data-widget_type=\"woocommerce-breadcrumb.default\">\n\t\t\t\t<div class=\"elementor-widget-container\">\n\t\t\t<link rel=\"stylesheet\" href=\"http:\/\/civetcoffee.com.vn\/wp-content\/plugins\/elementor-pro\/assets\/css\/widget-woocommerce.min.css\"><nav class=\"woocommerce-breadcrumb\" data-no-translation=\"\" data-trp-gettext=\"\">Home<\/nav>\t\t<\/div>\n\t\t\t\t<\/div>\n\t\t\t\t\t<\/div>\n\t\t\t\t<\/div>\n\t\t<div class=\"elementor-element elementor-element-59c4a6a e-flex e-con-boxed e-con e-parent\" data-id=\"59c4a6a\" data-element_type=\"container\" data-settings=\"{&quot;container_type&quot;:&quot;flex&quot;,&quot;content_width&quot;:&quot;boxed&quot;}\" data-core-v316-plus=\"true\">\n\t\t\t\t\t<div class=\"e-con-inner\">\n\t\t\t\t<div class=\"elementor-element elementor-element-c0ce06a elementor-widget elementor-widget-text-editor\" data-id=\"c0ce06a\" data-element_type=\"widget\" data-widget_type=\"text-editor.default\">\n\t\t\t\t<div class=\"elementor-widget-container\">\n\t\t\t<style>\/*! elementor - v3.16.0 - 20-09-2023 *\/\n.elementor-widget-text-editor.elementor-drop-cap-view-stacked .elementor-drop-cap{background-color:#69727d;color:#fff}.elementor-widget-text-editor.elementor-drop-cap-view-framed .elementor-drop-cap{color:#69727d;border:3px solid;background-color:transparent}.elementor-widget-text-editor:not(.elementor-drop-cap-view-default) .elementor-drop-cap{margin-top:8px}.elementor-widget-text-editor:not(.elementor-drop-cap-view-default) .elementor-drop-cap-letter{width:1em;height:1em}.elementor-widget-text-editor .elementor-drop-cap{float:left;text-align:center;line-height:1;font-size:50px}.elementor-widget-text-editor .elementor-drop-cap-letter{display:inline-block}<\/style>\t\t\t\t<p>Before 1998, hunting of wild animals became more and more widespread, causing many species to be at risk of extinction. Faced with this problem, Mr. Hoang Manh Cuong coordinated with the Dak Lak Provincial Forest Protection Department to carry out rescue and conservation activities for a number of wild animal species in general and palm civets in particular. Through the process of caring for the Palm Civet breed, Mr. Hoang Manh Cuong has researched a combination to commercialize civet coffee products in a natural way, ensuring that the Palm Civets grow and develop well while also being cost-effective. to maintain conservation activities. In 1999, Mr. Hoang Manh Cuong started to establish a business household.<\/p>\t\t\t\t\t\t<\/div>\n\t\t\t\t<\/div>\n\t\t\t\t<div class=\"elementor-element elementor-element-becb779 elementor-widget elementor-widget-text-editor\" data-id=\"becb779\" data-element_type=\"widget\" data-widget_type=\"text-editor.default\">\n\t\t\t\t<div class=\"elementor-widget-container\">\n\t\t\t\t\t\t\t<p>According to the business needs of the market, in 2009, Mr. Hoang Manh Cuong established Kien Cuong One Member Company Limited and has operated stably to this day.<\/p>\t\t\t\t\t\t<\/div>\n\t\t\t\t<\/div>\n\t\t\t\t<div class=\"elementor-element elementor-element-23bae12 elementor-widget elementor-widget-image\" data-id=\"23bae12\" data-element_type=\"widget\" data-widget_type=\"image.default\">\n\t\t\t\t<div class=\"elementor-widget-container\">\n\t\t\t<style>\/*! elementor - v3.16.0 - 20-09-2023 *\/\n.elementor-widget-image{text-align:center}.elementor-widget-image a{display:inline-block}.elementor-widget-image a img[src$=\".svg\"]{width:48px}.elementor-widget-image img{vertical-align:middle;display:inline-block}<\/style>\t\t\t\t\t\t\t\t\t\t\t\t<img decoding=\"async\" width=\"1280\" height=\"290\" src=\"https:\/\/civetcoffee.com.vn\/wp-content\/uploads\/2024\/07\/multiple-image.jpg\" class=\"attachment-full size-full wp-image-4067\" alt=\"\" srcset=\"https:\/\/civetcoffee.com.vn\/wp-content\/uploads\/2024\/07\/multiple-image.jpg 1280w, https:\/\/civetcoffee.com.vn\/wp-content\/uploads\/2024\/07\/multiple-image-300x68.jpg 300w, https:\/\/civetcoffee.com.vn\/wp-content\/uploads\/2024\/07\/multiple-image-1024x232.jpg 1024w, https:\/\/civetcoffee.com.vn\/wp-content\/uploads\/2024\/07\/multiple-image-768x174.jpg 768w, https:\/\/civetcoffee.com.vn\/wp-content\/uploads\/2024\/07\/multiple-image-18x4.jpg 18w, https:\/\/civetcoffee.com.vn\/wp-content\/uploads\/2024\/07\/multiple-image-600x136.jpg 600w\" sizes=\"(max-width: 1280px) 100vw, 1280px\" \/>\t\t\t\t\t\t\t\t\t\t\t\t\t\t\t<\/div>\n\t\t\t\t<\/div>\n\t\t\t\t<div class=\"elementor-element elementor-element-35bf038 elementor-widget elementor-widget-text-editor\" data-id=\"35bf038\" data-element_type=\"widget\" data-widget_type=\"text-editor.default\">\n\t\t\t\t<div class=\"elementor-widget-container\">\n\t\t\t\t\t\t\t<p>Through many experimental research processes, combined with scientists to research methods of producing civet coffee, for the first time in Vietnam, civet coffee is commercially produced using natural methods, Weasels can live freely and choose food according to their preferences, grow and develop well, thanks to which the number of Palm Civets is gradually restored in nature. Therefore, in 2012, the Company was granted a Useful Solution Patent by the National Office of Intellectual Property on the invention &quot;Method of producing weasel coffee&quot; and recognized by the Vietnam Guineas Organization as the first in Vietnam. awarded this degree.<\/p>\t\t\t\t\t\t<\/div>\n\t\t\t\t<\/div>\n\t\t\t\t<div class=\"elementor-element elementor-element-dfa52f5 elementor-widget elementor-widget-heading\" data-id=\"dfa52f5\" data-element_type=\"widget\" data-widget_type=\"heading.default\">\n\t\t\t\t<div class=\"elementor-widget-container\">\n\t\t\t<style>\/*! elementor - v3.16.0 - 20-09-2023 *\/\n.elementor-heading-title{padding:0;margin:0;line-height:1}.elementor-widget-heading .elementor-heading-title[class*=elementor-size-]>a{color:inherit;font-size:inherit;line-height:inherit}.elementor-widget-heading .elementor-heading-title.elementor-size-small{font-size:15px}.elementor-widget-heading .elementor-heading-title.elementor-size-medium{font-size:19px}.elementor-widget-heading .elementor-heading-title.elementor-size-large{font-size:29px}.elementor-widget-heading .elementor-heading-title.elementor-size-xl{font-size:39px}.elementor-widget-heading .elementor-heading-title.elementor-size-xxl{font-size:59px}<\/style><h2 class=\"elementor-heading-title elementor-size-default\">Important milestones in the formation process:<\/h2>\t\t<\/div>\n\t\t\t\t<\/div>\n\t\t\t\t<div class=\"elementor-element elementor-element-785ec05 elementor-widget elementor-widget-ucaddon_timeline_bullets\" data-id=\"785ec05\" data-element_type=\"widget\" data-widget_type=\"ucaddon_timeline_bullets.default\">\n\t\t\t\t<div class=\"elementor-widget-container\">\n\t\t\t\n<!-- start Timeline Bullets -->\n\t\t<link id='font-awesome-css' href='https:\/\/civetcoffee.com.vn\/wp-content\/plugins\/unlimited-elements-for-elementor\/assets_libraries\/font-awesome6\/fontawesome-all.min.css' type='text\/css' rel='stylesheet' >\n\t\t<link id='font-awesome-4-shim-css' href='https:\/\/civetcoffee.com.vn\/wp-content\/plugins\/unlimited-elements-for-elementor\/assets_libraries\/font-awesome6\/fontawesome-v4-shims.min.css' type='text\/css' rel='stylesheet' >\n\n<style>\/* widget: Timeline Bullets *\/\n\n\r\n@keyframes uc_timeline_bullets_elementor_785ec05__item-animation {\r\n  0% {\r\n            transform: translateX(-50px);\r\n        \t        \tfilter: blur(4px);\r\n\t\t\t\r\n    \t    opacity: 0;\r\n  }\r\n  100% {\r\n            transform: translateX(0px);\r\n        \t            filter: blur(0px);\r\n            \r\n    \t\topacity: 1;\r\n  }\r\n}\r\n\r\n\r\n#uc_timeline_bullets_elementor_785ec05 .ue_item{\r\n\topacity:0;\r\n}\r\n\r\n\r\n#uc_timeline_bullets_elementor_785ec05 .uc-entrance-animate {\r\n  opacity:1;\r\n}\r\n\r\n#uc_timeline_bullets_elementor_785ec05 .uc-entrance-animate {\r\n\tanimation: uc_timeline_bullets_elementor_785ec05__item-animation 0.6s cubic-bezier(0.470, 0.000, 0.745, 0.715) both;\r\n}\r\n\r\n\t\t\t\n\n#uc_timeline_bullets_elementor_785ec05 .ue_item{\n  display:flex;\n  position:relative;\n}\n\n#uc_timeline_bullets_elementor_785ec05 .ue_item_icon{ \n  display:flex;\n  align-items:center;\n  justify-content:center;\n  flex-grow:0;\n  flex-shrink:0;\n  line-height:1em;\n  overflow:hidden;\n}\n\n#uc_timeline_bullets_elementor_785ec05 .ue_item_icon img{\n  object-fit: cover;\n}\n\n#uc_timeline_bullets_elementor_785ec05 .ue_item_icon svg{ \n  height:1em;\n  width:1em;\n}\n\n#uc_timeline_bullets_elementor_785ec05 .ue_item_spacer{\n  flex-grow:0;\n  flex-shrink:0;\n}\n\n#uc_timeline_bullets_elementor_785ec05 .ue_item_hr_line{\n  flex-grow:0;\n  flex-shrink:0;\n}\n\n#uc_timeline_bullets_elementor_785ec05 .ue_item_vr_line{\n  height:100%;\n  position:absolute;\n  flex-grow:0;\n  flex-shrink:0;\n}\n\n#uc_timeline_bullets_elementor_785ec05 .ue_item_title, \n#uc_timeline_bullets_elementor_785ec05 .ue_item_text,\n#uc_timeline_bullets_elementor_785ec05 .ue_item_icon{\n  transition: all .3s ease-out;\n}\n\n.ue_item_title{\n  font-size:21px;\n}\n\n#uc_timeline_bullets_elementor_785ec05.uc-remote-parent .ue_item{\n  cursor:pointer;\n}\n\n<\/style>\n\n<div id=\"uc_timeline_bullets_elementor_785ec05\" class=\"uc-items-wrapper\"  >\n <div class=\"ue_item elementor-repeater-item-8e923cc\">\n    <div class=\"ue_item_vr_line\"><\/div>\n    <div class=\"ue_item_hr_line\"><\/div>\n    <div class=\"ue_item_icon\">\n                  <img decoding=\"async\" src=\"https:\/\/civetcoffee.com.vn\/wp-content\/uploads\/2024\/07\/trophy.png\">     <\/div>\n    <div class=\"ue_item_spacer\"><\/div>\n    <div class=\"ue_item_content\">\n      <div class=\"ue_item_title\">1999<\/div>      <div class=\"ue_item_text\">Establish a business household<\/div>    <\/div>\n  <\/div>\n<div class=\"ue_item elementor-repeater-item-6f5240a\">\n    <div class=\"ue_item_vr_line\"><\/div>\n    <div class=\"ue_item_hr_line\"><\/div>\n    <div class=\"ue_item_icon\">\n                  <img decoding=\"async\" src=\"https:\/\/civetcoffee.com.vn\/wp-content\/uploads\/2024\/07\/trophy.png\">     <\/div>\n    <div class=\"ue_item_spacer\"><\/div>\n    <div class=\"ue_item_content\">\n      <div class=\"ue_item_title\">2009<\/div>      <div class=\"ue_item_text\">Converted into Kien Cuong Company Limited<\/div>    <\/div>\n  <\/div>\n<div class=\"ue_item elementor-repeater-item-01becec\">\n    <div class=\"ue_item_vr_line\"><\/div>\n    <div class=\"ue_item_hr_line\"><\/div>\n    <div class=\"ue_item_icon\">\n                  <img decoding=\"async\" src=\"https:\/\/civetcoffee.com.vn\/wp-content\/uploads\/2024\/07\/trophy.png\">     <\/div>\n    <div class=\"ue_item_spacer\"><\/div>\n    <div class=\"ue_item_content\">\n      <div class=\"ue_item_title\">December 27, 2011<\/div>      <div class=\"ue_item_text\">Kien Cuong has been signed by DANIDA&#039;s Global Competitiveness Foundation (GCF) to sponsor the project &quot;Technical services for mink farming, supply of mink breeds, production and processing of mink coffee for export&quot;<\/div>    <\/div>\n  <\/div>\n<div class=\"ue_item elementor-repeater-item-4f46004\">\n    <div class=\"ue_item_vr_line\"><\/div>\n    <div class=\"ue_item_hr_line\"><\/div>\n    <div class=\"ue_item_icon\">\n                  <img decoding=\"async\" src=\"https:\/\/civetcoffee.com.vn\/wp-content\/uploads\/2024\/07\/trophy.png\">     <\/div>\n    <div class=\"ue_item_spacer\"><\/div>\n    <div class=\"ue_item_content\">\n      <div class=\"ue_item_title\">August 21, 2012<\/div>      <div class=\"ue_item_text\">Inauguration of the Company&#039;s mink farming area and mink coffee processing facility. Honored to welcome Ms. Lis Rasmussen Rosenholm - Deputy Ambassador of Denmark to Vietnam to attend the ceremony.<\/div>    <\/div>\n  <\/div>\n<div class=\"ue_item elementor-repeater-item-17d718b\">\n    <div class=\"ue_item_vr_line\"><\/div>\n    <div class=\"ue_item_hr_line\"><\/div>\n    <div class=\"ue_item_icon\">\n                  <img decoding=\"async\" src=\"https:\/\/civetcoffee.com.vn\/wp-content\/uploads\/2024\/07\/trophy.png\">     <\/div>\n    <div class=\"ue_item_spacer\"><\/div>\n    <div class=\"ue_item_content\">\n      <div class=\"ue_item_title\">Year 2012<\/div>      <div class=\"ue_item_text\">Granted a patent by the National Office of Intellectual Property for a useful invention solution: method of producing weasel coffee<\/div>    <\/div>\n  <\/div>\n<div class=\"ue_item elementor-repeater-item-076770b\">\n    <div class=\"ue_item_vr_line\"><\/div>\n    <div class=\"ue_item_hr_line\"><\/div>\n    <div class=\"ue_item_icon\">\n                  <img decoding=\"async\" src=\"https:\/\/civetcoffee.com.vn\/wp-content\/uploads\/2024\/07\/trophy.png\">     <\/div>\n    <div class=\"ue_item_spacer\"><\/div>\n    <div class=\"ue_item_content\">\n      <div class=\"ue_item_title\">Now<\/div>      <div class=\"ue_item_text\">The company operates stably with stable output and replicates the weasel coffee production model for local people, helping many people escape poverty sustainably.<\/div>    <\/div>\n  <\/div>\n\n<\/div>\n\n<!-- -->\n<!-- end Timeline Bullets -->\t\t<\/div>\n\t\t\t\t<\/div>\n\t\t\t\t\t<\/div>\n\t\t\t\t<\/div>\n\t\t\t\t\t\t\t<\/div>","protected":false},"excerpt":{"rendered":"<p>Giai \u0111o\u1ea1n tr\u01b0\u1edbc n\u0103m 1998, n\u1ea1n s\u0103n b\u1eaft \u0111\u1ed9ng v\u1eadt hoang d\u00e3 c\u00e0ng ng\u00e0y c\u00e0ng m\u1edf r\u1ed9ng khi\u1ebfn nhi\u1ec1u lo\u00e0i c\u00f3 nguy c\u01a1 tuy\u1ec7t ch\u1ee7ng. Tr\u01b0\u1edbc v\u1ea5n n\u1ea1n n\u00e0y, \u00f4ng Ho\u00e0ng M\u1ea1nh C\u01b0\u1eddng \u0111\u00e3 ph\u1ed1i h\u1ee3p v\u1edbi Chi c\u1ee5c Ki\u1ec3m l\u00e2m t\u1ec9nh \u0110\u1eafk L\u1eafk tri\u1ec3n khai ho\u1ea1t \u0111\u1ed9ng c\u1ee9u h\u1ed9 v\u00e0 nu\u00f4i b\u1ea3o t\u1ed3n c\u00e1c [&hellip;]<\/p>","protected":false},"author":1,"featured_media":0,"parent":0,"menu_order":0,"comment_status":"closed","ping_status":"closed","template":"elementor_header_footer","meta":{"footnotes":""},"_links":{"self":[{"href":"https:\/\/civetcoffee.com.vn\/en\/wp-json\/wp\/v2\/pages\/4057"}],"collection":[{"href":"https:\/\/civetcoffee.com.vn\/en\/wp-json\/wp\/v2\/pages"}],"about":[{"href":"https:\/\/civetcoffee.com.vn\/en\/wp-json\/wp\/v2\/types\/page"}],"author":[{"embeddable":true,"href":"https:\/\/civetcoffee.com.vn\/en\/wp-json\/wp\/v2\/users\/1"}],"replies":[{"embeddable":true,"href":"https:\/\/civetcoffee.com.vn\/en\/wp-json\/wp\/v2\/comments?post=4057"}],"version-history":[{"count":38,"href":"https:\/\/civetcoffee.com.vn\/en\/wp-json\/wp\/v2\/pages\/4057\/revisions"}],"predecessor-version":[{"id":4199,"href":"https:\/\/civetcoffee.com.vn\/en\/wp-json\/wp\/v2\/pages\/4057\/revisions\/4199"}],"wp:attachment":[{"href":"https:\/\/civetcoffee.com.vn\/en\/wp-json\/wp\/v2\/media?parent=4057"}],"curies":[{"name":"wp","href":"https:\/\/api.w.org\/{rel}","templated":true}]}}