{"id":3614,"date":"2024-05-29T14:50:35","date_gmt":"2024-05-29T07:50:35","guid":{"rendered":"http:\/\/civetcoffee.com.vn\/?page_id=3614"},"modified":"2024-05-29T14:58:52","modified_gmt":"2024-05-29T07:58:52","slug":"chinh-sach-bao-mat","status":"publish","type":"page","link":"https:\/\/civetcoffee.com.vn\/en\/chinh-sach-bao-mat\/","title":{"rendered":"Privacy Policy"},"content":{"rendered":"<div data-elementor-type=\"wp-page\" data-elementor-id=\"3614\" class=\"elementor elementor-3614\" data-elementor-post-type=\"page\">\n\t\t\t\t\t\t\t<div class=\"elementor-element elementor-element-16b9518 e-flex e-con-boxed e-con e-parent\" data-id=\"16b9518\" data-element_type=\"container\" data-settings=\"{&quot;background_background&quot;:&quot;classic&quot;,&quot;container_type&quot;:&quot;flex&quot;,&quot;content_width&quot;:&quot;boxed&quot;}\" data-core-v316-plus=\"true\">\n\t\t\t\t\t<div class=\"e-con-inner\">\n\t\t\t\t<div class=\"elementor-element elementor-element-56eb9dc elementor-widget elementor-widget-woocommerce-breadcrumb\" data-id=\"56eb9dc\" data-element_type=\"widget\" data-widget_type=\"woocommerce-breadcrumb.default\">\n\t\t\t\t<div class=\"elementor-widget-container\">\n\t\t\t<link rel=\"stylesheet\" href=\"http:\/\/civetcoffee.com.vn\/wp-content\/plugins\/elementor-pro\/assets\/css\/widget-woocommerce.min.css\"><nav class=\"woocommerce-breadcrumb\" data-no-translation=\"\" data-trp-gettext=\"\">Home<\/nav>\t\t<\/div>\n\t\t\t\t<\/div>\n\t\t\t\t\t<\/div>\n\t\t\t\t<\/div>\n\t\t<div class=\"elementor-element elementor-element-c7d4e0e e-flex e-con-boxed e-con e-parent\" data-id=\"c7d4e0e\" data-element_type=\"container\" data-settings=\"{&quot;background_background&quot;:&quot;classic&quot;,&quot;container_type&quot;:&quot;flex&quot;,&quot;content_width&quot;:&quot;boxed&quot;}\" data-core-v316-plus=\"true\">\n\t\t\t\t\t<div class=\"e-con-inner\">\n\t\t<div class=\"elementor-element elementor-element-0da7584 e-con-full e-flex e-con e-child\" data-id=\"0da7584\" data-element_type=\"container\" data-settings=\"{&quot;content_width&quot;:&quot;full&quot;,&quot;background_background&quot;:&quot;classic&quot;,&quot;container_type&quot;:&quot;flex&quot;}\">\n\t\t<div class=\"elementor-element elementor-element-aeaf0e2 e-flex e-con-boxed e-con e-child\" data-id=\"aeaf0e2\" data-element_type=\"container\" data-settings=\"{&quot;container_type&quot;:&quot;flex&quot;,&quot;content_width&quot;:&quot;boxed&quot;}\">\n\t\t\t\t\t<div class=\"e-con-inner\">\n\t\t\t\t<div class=\"elementor-element elementor-element-5727c69 elementor-widget__width-initial elementor-widget elementor-widget-heading\" data-id=\"5727c69\" data-element_type=\"widget\" data-widget_type=\"heading.default\">\n\t\t\t\t<div class=\"elementor-widget-container\">\n\t\t\t<style>\/*! elementor - v3.16.0 - 20-09-2023 *\/\n.elementor-heading-title{padding:0;margin:0;line-height:1}.elementor-widget-heading .elementor-heading-title[class*=elementor-size-]>a{color:inherit;font-size:inherit;line-height:inherit}.elementor-widget-heading .elementor-heading-title.elementor-size-small{font-size:15px}.elementor-widget-heading .elementor-heading-title.elementor-size-medium{font-size:19px}.elementor-widget-heading .elementor-heading-title.elementor-size-large{font-size:29px}.elementor-widget-heading .elementor-heading-title.elementor-size-xl{font-size:39px}.elementor-widget-heading .elementor-heading-title.elementor-size-xxl{font-size:59px}<\/style><h2 class=\"elementor-heading-title elementor-size-default\">Privacy Policy<\/h2>\t\t<\/div>\n\t\t\t\t<\/div>\n\t\t\t\t<div class=\"elementor-element elementor-element-9ea91ac elementor-widget-divider--view-line elementor-widget elementor-widget-divider\" data-id=\"9ea91ac\" data-element_type=\"widget\" data-widget_type=\"divider.default\">\n\t\t\t\t<div class=\"elementor-widget-container\">\n\t\t\t<style>\/*! elementor - v3.16.0 - 20-09-2023 *\/\n.elementor-widget-divider{--divider-border-style:none;--divider-border-width:1px;--divider-color:#0c0d0e;--divider-icon-size:20px;--divider-element-spacing:10px;--divider-pattern-height:24px;--divider-pattern-size:20px;--divider-pattern-url:none;--divider-pattern-repeat:repeat-x}.elementor-widget-divider .elementor-divider{display:flex}.elementor-widget-divider .elementor-divider__text{font-size:15px;line-height:1;max-width:95%}.elementor-widget-divider .elementor-divider__element{margin:0 var(--divider-element-spacing);flex-shrink:0}.elementor-widget-divider .elementor-icon{font-size:var(--divider-icon-size)}.elementor-widget-divider .elementor-divider-separator{display:flex;margin:0;direction:ltr}.elementor-widget-divider--view-line_icon .elementor-divider-separator,.elementor-widget-divider--view-line_text .elementor-divider-separator{align-items:center}.elementor-widget-divider--view-line_icon .elementor-divider-separator:after,.elementor-widget-divider--view-line_icon .elementor-divider-separator:before,.elementor-widget-divider--view-line_text .elementor-divider-separator:after,.elementor-widget-divider--view-line_text .elementor-divider-separator:before{display:block;content:\"\";border-bottom:0;flex-grow:1;border-top:var(--divider-border-width) var(--divider-border-style) var(--divider-color)}.elementor-widget-divider--element-align-left .elementor-divider .elementor-divider-separator>.elementor-divider__svg:first-of-type{flex-grow:0;flex-shrink:100}.elementor-widget-divider--element-align-left .elementor-divider-separator:before{content:none}.elementor-widget-divider--element-align-left .elementor-divider__element{margin-left:0}.elementor-widget-divider--element-align-right .elementor-divider .elementor-divider-separator>.elementor-divider__svg:last-of-type{flex-grow:0;flex-shrink:100}.elementor-widget-divider--element-align-right .elementor-divider-separator:after{content:none}.elementor-widget-divider--element-align-right .elementor-divider__element{margin-right:0}.elementor-widget-divider:not(.elementor-widget-divider--view-line_text):not(.elementor-widget-divider--view-line_icon) .elementor-divider-separator{border-top:var(--divider-border-width) var(--divider-border-style) var(--divider-color)}.elementor-widget-divider--separator-type-pattern{--divider-border-style:none}.elementor-widget-divider--separator-type-pattern.elementor-widget-divider--view-line .elementor-divider-separator,.elementor-widget-divider--separator-type-pattern:not(.elementor-widget-divider--view-line) .elementor-divider-separator:after,.elementor-widget-divider--separator-type-pattern:not(.elementor-widget-divider--view-line) .elementor-divider-separator:before,.elementor-widget-divider--separator-type-pattern:not([class*=elementor-widget-divider--view]) .elementor-divider-separator{width:100%;min-height:var(--divider-pattern-height);-webkit-mask-size:var(--divider-pattern-size) 100%;mask-size:var(--divider-pattern-size) 100%;-webkit-mask-repeat:var(--divider-pattern-repeat);mask-repeat:var(--divider-pattern-repeat);background-color:var(--divider-color);-webkit-mask-image:var(--divider-pattern-url);mask-image:var(--divider-pattern-url)}.elementor-widget-divider--no-spacing{--divider-pattern-size:auto}.elementor-widget-divider--bg-round{--divider-pattern-repeat:round}.rtl .elementor-widget-divider .elementor-divider__text{direction:rtl}.e-con-inner>.elementor-widget-divider,.e-con>.elementor-widget-divider{width:var(--container-widget-width,100%);--flex-grow:var(--container-widget-flex-grow)}<\/style>\t\t<div class=\"elementor-divider\">\n\t\t\t<span class=\"elementor-divider-separator\">\n\t\t\t\t\t\t<\/span>\n\t\t<\/div>\n\t\t\t\t<\/div>\n\t\t\t\t<\/div>\n\t\t\t\t<div class=\"elementor-element elementor-element-67803b5 elementor-widget__width-initial elementor-widget elementor-widget-text-editor\" data-id=\"67803b5\" data-element_type=\"widget\" data-widget_type=\"text-editor.default\">\n\t\t\t\t<div class=\"elementor-widget-container\">\n\t\t\t<style>\/*! elementor - v3.16.0 - 20-09-2023 *\/\n.elementor-widget-text-editor.elementor-drop-cap-view-stacked .elementor-drop-cap{background-color:#69727d;color:#fff}.elementor-widget-text-editor.elementor-drop-cap-view-framed .elementor-drop-cap{color:#69727d;border:3px solid;background-color:transparent}.elementor-widget-text-editor:not(.elementor-drop-cap-view-default) .elementor-drop-cap{margin-top:8px}.elementor-widget-text-editor:not(.elementor-drop-cap-view-default) .elementor-drop-cap-letter{width:1em;height:1em}.elementor-widget-text-editor .elementor-drop-cap{float:left;text-align:center;line-height:1;font-size:50px}.elementor-widget-text-editor .elementor-drop-cap-letter{display:inline-block}<\/style>\t\t\t\t<p>This privacy policy is intended to help you understand how the website collects and uses your personal information through your use of the website, including any information that may be provided through the website when you register. account, register to receive communications from us, or when you purchase products or services, request additional service information from us.<\/p><h5><strong>1. Information collection<\/strong><\/h5><p><strong>&#8211; <\/strong>When you make a transaction\/open an account at website civetcoffee.com.vn, you need to provide minimum information including name, phone number and delivery address. You provide this information voluntarily to serve the purpose of conducting transactions with the company.<\/p><p>\u2013 If you need to change the information provided, please contact us directly\u00a0<strong>Kien Cuong Company Limited <\/strong>\u00a0via phone number 0935 720 099 or via email:<\/p><p>dom.manhcuong62@gmail.com<\/p><h5><strong>2. Information storage and security<\/strong><\/h5><p>\u2013 Your information is stored and secured by our system\u00a0<strong>Kien Cuong Company Limited<\/strong><\/p><p>\u2013 Your information is stored from the moment you provide the information and is stored indefinitely.<\/p><p>&#8211;\u00a0<strong>Kien Cuong Company Limited <\/strong>have technical and security measures to prevent unauthorized access and use of your information.<\/p><p><strong>Address of the unit that collects and manages personal information<\/strong><\/p><p>\u2013 Business registration address: No. 05 Hoang Hoa Tham Street, Block 8, Tan Tien Ward, City. Buon Ma Thuot, Dak Lak<\/p><p>\u2013 Phone number: 0935 720 099<\/p><h5><strong>3. Use of information<\/strong><\/h5><p>Internal only\u00a0<strong>Kien Cuong Company Limited<\/strong>\u00a0is allowed to access and use information. Specifically, only the E-commerce department can use your information to conduct transactions with you.<\/p><p><strong>Kien Cuong Company Limited<\/strong> have the right to use information to:<\/p><p>\u2013 Delivery to the address provided.<\/p><p>\u2013 Product usage instructions, product advice.<\/p><p>\u2013 Processing orders, solving problems that arise when delivering\/using goods.<\/p><h5><strong>4. Website link<\/strong><\/h5><p>Customers are responsible for protecting your account information and not providing login information to anyone else.\u00a0<strong>Kien Cuong Company Limited<\/strong>\u00a0Commitment, your account will only be used to log in to the website <strong>civetcoffee.com.vn<\/strong> without linking to any other website.<\/p><h5><strong>5. Share information<\/strong><\/h5><p><strong>Kien Cuong Company Limited<\/strong>\u00a0commits not to share any of your information with any other unit\/company except for shipping partners that have been evaluated by the company and signed a contract to transport goods. In addition, according to the law, the company can provide customer information to competent state management agencies (when requested).<\/p><h5><strong>6. Contact, answers, questions<\/strong><\/h5><p>Whenever you need support, you can contact the company via phone number 0935 720 099, the company is ready to answer questions as well as provide product support\/transaction instructions. for you.<\/p><h5><strong>7. Mechanism for receiving and resolving complaints related to customer information<\/strong><\/h5><p>When discovering that their personal information is being used for the wrong purpose or scope, customers send a complaint to the email address: dom.manhcuong62@gmail.com or call 0935 720 099 to complain and provide information. Provide relevant evidence to the website&#039;s E-commerce Department <strong>civetcoffee.com.vn<\/strong>. The e-commerce department commits to respond immediately or at the latest within 48 working hours from the time of receiving the complaint.<\/p><p><strong>Any problems please contact:<\/strong><\/p><p><strong>Kien Cuong Company Limited<\/strong><\/p><p>No. 05 Hoang Hoa Tham Street, Block 8, Tan Tien Ward, City. Buon Ma Thuot, Dak Lak<\/p><p>Phone: 0935 720 099<\/p><p>Email: dom.manhcuong62@gmail.com<\/p><p>Website: <strong>civetcoffee.com.vn<\/strong><\/p>\t\t\t\t\t\t<\/div>\n\t\t\t\t<\/div>\n\t\t\t\t\t<\/div>\n\t\t\t\t<\/div>\n\t\t\t\t<\/div>\n\t\t\t\t\t<\/div>\n\t\t\t\t<\/div>\n\t\t\t\t\t\t\t<\/div>","protected":false},"excerpt":{"rendered":"<p>Ch\u00ednh s\u00e1ch b\u1ea3o m\u1eadt Ch\u00ednh s\u00e1ch b\u1ea3o m\u1eadt n\u00e0y nh\u1eb1m gi\u00fap Qu\u00fd kh\u00e1ch hi\u1ec3u v\u1ec1 c\u00e1ch website thu th\u1eadp v\u00e0 s\u1eed d\u1ee5ng th\u00f4ng tin c\u00e1 nh\u00e2n c\u1ee7a m\u00ecnh th\u00f4ng qua vi\u1ec7c s\u1eed d\u1ee5ng trang web, bao g\u1ed3m m\u1ecdi th\u00f4ng tin c\u00f3 th\u1ec3 cung c\u1ea5p th\u00f4ng qua trang web khi Qu\u00fd kh\u00e1ch \u0111\u0103ng k\u00fd t\u00e0i kho\u1ea3n, [&hellip;]<\/p>","protected":false},"author":1,"featured_media":0,"parent":0,"menu_order":0,"comment_status":"closed","ping_status":"closed","template":"elementor_header_footer","meta":{"footnotes":""},"_links":{"self":[{"href":"https:\/\/civetcoffee.com.vn\/en\/wp-json\/wp\/v2\/pages\/3614"}],"collection":[{"href":"https:\/\/civetcoffee.com.vn\/en\/wp-json\/wp\/v2\/pages"}],"about":[{"href":"https:\/\/civetcoffee.com.vn\/en\/wp-json\/wp\/v2\/types\/page"}],"author":[{"embeddable":true,"href":"https:\/\/civetcoffee.com.vn\/en\/wp-json\/wp\/v2\/users\/1"}],"replies":[{"embeddable":true,"href":"https:\/\/civetcoffee.com.vn\/en\/wp-json\/wp\/v2\/comments?post=3614"}],"version-history":[{"count":10,"href":"https:\/\/civetcoffee.com.vn\/en\/wp-json\/wp\/v2\/pages\/3614\/revisions"}],"predecessor-version":[{"id":3633,"href":"https:\/\/civetcoffee.com.vn\/en\/wp-json\/wp\/v2\/pages\/3614\/revisions\/3633"}],"wp:attachment":[{"href":"https:\/\/civetcoffee.com.vn\/en\/wp-json\/wp\/v2\/media?parent=3614"}],"curies":[{"name":"wp","href":"https:\/\/api.w.org\/{rel}","templated":true}]}}